{"id":3841,"date":"2021-08-30T03:38:50","date_gmt":"2021-08-30T03:38:50","guid":{"rendered":"https:\/\/demo4.drfuri.com\/durotan2\/?page_id=12"},"modified":"2025-11-12T14:17:58","modified_gmt":"2025-11-12T12:17:58","slug":"about-us","status":"publish","type":"page","link":"https:\/\/totakaintinto.com\/it\/about-us\/","title":{"rendered":"Chi siamo"},"content":{"rendered":"<div data-elementor-type=\"wp-page\" data-elementor-id=\"3841\" class=\"elementor elementor-3841\" data-elementor-post-type=\"page\">\n\t\t\t\t\t\t<section data-particle_enable=\"false\" data-particle-mobile-disabled=\"false\" class=\"elementor-section elementor-top-section elementor-element elementor-element-2c657cd7 elementor-section-boxed elementor-section-height-default elementor-section-height-default\" data-id=\"2c657cd7\" data-element_type=\"section\" data-e-type=\"section\">\n\t\t\t\t\t\t<div class=\"elementor-container elementor-column-gap-no\">\n\t\t\t\t\t<div class=\"elementor-column elementor-col-100 elementor-top-column elementor-element elementor-element-9db4ec4\" data-id=\"9db4ec4\" data-element_type=\"column\" data-e-type=\"column\">\n\t\t\t<div class=\"elementor-widget-wrap elementor-element-populated\">\n\t\t\t\t\t\t<div class=\"elementor-element elementor-element-647fdaaa elementor-widget elementor-widget-heading\" data-id=\"647fdaaa\" data-element_type=\"widget\" data-e-type=\"widget\" data-widget_type=\"heading.default\">\n\t\t\t\t<div class=\"elementor-widget-container\">\n\t\t\t\t\t<h2 class=\"elementor-heading-title elementor-size-default\">Benvenuti nel mondo di Tota Kai Ntinto<\/h2>\t\t\t\t<\/div>\n\t\t\t\t<\/div>\n\t\t\t\t<div class=\"elementor-element elementor-element-18556865 elementor-widget elementor-widget-text-editor\" data-id=\"18556865\" data-element_type=\"widget\" data-e-type=\"widget\" data-widget_type=\"text-editor.default\">\n\t\t\t\t<div class=\"elementor-widget-container\">\n\t\t\t\t\t\t\t\t\t<p>Qui le storie dell&#039;infanzia diventano tessuti, colori e forme: ogni vestito e ogni cappello sono una piccola storia che aspetta di essere indossata.<\/p><p>Ognuna delle nostre collezioni \u00e8 come un viaggio da favola: un labirinto di ricordi d&#039;infanzia, immagini ed emozioni che trovano la loro strada sul tessuto.<\/p><p>Tutti i nostri abiti e accessori hanno una propria personalit\u00e0, come piccoli personaggi viventi pronti ad accompagnarvi. Sono realizzati con amore e cura in piccoli laboratori familiari, perch\u00e9 crediamo che la bellezza risieda nell&#039;attenzione, nei dettagli e nell&#039;onest\u00e0 della creazione.<\/p><p>Nel mondo di Tota Kai Ntinto, la moda \u00e8 un modo di raccontare storie: tenero, giocoso, pieno di colore e calore.<\/p>\t\t\t\t\t\t\t\t<\/div>\n\t\t\t\t<\/div>\n\t\t\t\t\t<\/div>\n\t\t<\/div>\n\t\t\t\t\t<\/div>\n\t\t<\/section>\n\t\t\t\t<section data-particle_enable=\"false\" data-particle-mobile-disabled=\"false\" class=\"elementor-section elementor-top-section elementor-element elementor-element-7dbb4069 elementor-section-full_width elementor-section-height-default elementor-section-height-default\" data-id=\"7dbb4069\" data-element_type=\"section\" data-e-type=\"section\">\n\t\t\t\t\t\t<div class=\"elementor-container elementor-column-gap-extended\">\n\t\t\t\t\t<div class=\"elementor-column elementor-col-100 elementor-top-column elementor-element elementor-element-6712bd60\" data-id=\"6712bd60\" data-element_type=\"column\" data-e-type=\"column\">\n\t\t\t<div class=\"elementor-widget-wrap elementor-element-populated\">\n\t\t\t\t\t\t<div class=\"elementor-element elementor-element-5aa234a2 elementor-widget elementor-widget-image\" data-id=\"5aa234a2\" data-element_type=\"widget\" data-e-type=\"widget\" data-widget_type=\"image.default\">\n\t\t\t\t<div class=\"elementor-widget-container\">\n\t\t\t\t\t\t\t\t\t\t\t\t\t\t\t<img fetchpriority=\"high\" decoding=\"async\" width=\"2400\" height=\"1600\" src=\"https:\/\/totakaintinto.com\/wp-content\/uploads\/2024\/04\/About-us.jpg\" class=\"attachment-full size-full wp-image-5072\" alt=\"About us Tota &amp; Ntinto\" srcset=\"https:\/\/totakaintinto.com\/wp-content\/uploads\/2024\/04\/About-us.jpg 2400w, https:\/\/totakaintinto.com\/wp-content\/uploads\/2024\/04\/About-us-300x200.jpg 300w, https:\/\/totakaintinto.com\/wp-content\/uploads\/2024\/04\/About-us-1024x683.jpg 1024w, https:\/\/totakaintinto.com\/wp-content\/uploads\/2024\/04\/About-us-768x512.jpg 768w, https:\/\/totakaintinto.com\/wp-content\/uploads\/2024\/04\/About-us-1536x1024.jpg 1536w, https:\/\/totakaintinto.com\/wp-content\/uploads\/2024\/04\/About-us-2048x1365.jpg 2048w, https:\/\/totakaintinto.com\/wp-content\/uploads\/2024\/04\/About-us-18x12.jpg 18w, https:\/\/totakaintinto.com\/wp-content\/uploads\/2024\/04\/About-us-96x64.jpg 96w\" sizes=\"(max-width: 2400px) 100vw, 2400px\" \/>\t\t\t\t\t\t\t\t\t\t\t\t\t\t\t<\/div>\n\t\t\t\t<\/div>\n\t\t\t\t\t<\/div>\n\t\t<\/div>\n\t\t\t\t\t<\/div>\n\t\t<\/section>\n\t\t\t\t<section data-particle_enable=\"false\" data-particle-mobile-disabled=\"false\" class=\"elementor-section elementor-top-section elementor-element elementor-element-3ca973f9 elementor-section-stretched elementor-section-boxed elementor-section-height-default elementor-section-height-default\" data-id=\"3ca973f9\" data-element_type=\"section\" data-e-type=\"section\" data-settings=\"{&quot;stretch_section&quot;:&quot;section-stretched&quot;,&quot;background_background&quot;:&quot;classic&quot;}\">\n\t\t\t\t\t\t<div class=\"elementor-container elementor-column-gap-default\">\n\t\t\t\t\t<div class=\"elementor-column elementor-col-50 elementor-top-column elementor-element elementor-element-1d7af253\" data-id=\"1d7af253\" data-element_type=\"column\" data-e-type=\"column\">\n\t\t\t<div class=\"elementor-widget-wrap elementor-element-populated\">\n\t\t\t\t\t\t<div class=\"elementor-element elementor-element-7c0edffb elementor-widget elementor-widget-image\" data-id=\"7c0edffb\" data-element_type=\"widget\" data-e-type=\"widget\" data-widget_type=\"image.default\">\n\t\t\t\t<div class=\"elementor-widget-container\">\n\t\t\t\t\t\t\t\t\t\t\t\t\t\t\t<img decoding=\"async\" width=\"854\" height=\"1280\" src=\"https:\/\/totakaintinto.com\/wp-content\/uploads\/2025\/10\/WhatsApp-Image-2025-09-22-at-16.04.00-2.jpeg\" class=\"attachment-full size-full wp-image-5247\" alt=\"\" srcset=\"https:\/\/totakaintinto.com\/wp-content\/uploads\/2025\/10\/WhatsApp-Image-2025-09-22-at-16.04.00-2.jpeg 854w, https:\/\/totakaintinto.com\/wp-content\/uploads\/2025\/10\/WhatsApp-Image-2025-09-22-at-16.04.00-2-200x300.jpeg 200w, https:\/\/totakaintinto.com\/wp-content\/uploads\/2025\/10\/WhatsApp-Image-2025-09-22-at-16.04.00-2-683x1024.jpeg 683w, https:\/\/totakaintinto.com\/wp-content\/uploads\/2025\/10\/WhatsApp-Image-2025-09-22-at-16.04.00-2-768x1151.jpeg 768w, https:\/\/totakaintinto.com\/wp-content\/uploads\/2025\/10\/WhatsApp-Image-2025-09-22-at-16.04.00-2-8x12.jpeg 8w, https:\/\/totakaintinto.com\/wp-content\/uploads\/2025\/10\/WhatsApp-Image-2025-09-22-at-16.04.00-2-64x96.jpeg 64w\" sizes=\"(max-width: 854px) 100vw, 854px\" \/>\t\t\t\t\t\t\t\t\t\t\t\t\t\t\t<\/div>\n\t\t\t\t<\/div>\n\t\t\t\t<div class=\"elementor-element elementor-element-607fdc05 elementor-widget elementor-widget-heading\" data-id=\"607fdc05\" data-element_type=\"widget\" data-e-type=\"widget\" data-widget_type=\"heading.default\">\n\t\t\t\t<div class=\"elementor-widget-container\">\n\t\t\t\t\t<h3 class=\"elementor-heading-title elementor-size-default\">Il Creatore<\/h3>\t\t\t\t<\/div>\n\t\t\t\t<\/div>\n\t\t\t\t<div class=\"elementor-element elementor-element-3a2addce elementor-widget elementor-widget-text-editor\" data-id=\"3a2addce\" data-element_type=\"widget\" data-e-type=\"widget\" data-widget_type=\"text-editor.default\">\n\t\t\t\t<div class=\"elementor-widget-container\">\n\t\t\t\t\t\t\t\t\t<p>Vasilaropoulou Alexia, madre di Panagiota e Ntinos<br \/>La sua identit\u00e0 visiva unica e il modo in cui vede il mondo: questa \u00e8 la storia.<\/p>\t\t\t\t\t\t\t\t<\/div>\n\t\t\t\t<\/div>\n\t\t\t\t<div class=\"elementor-element elementor-element-29cd1de2 elementor-widget elementor-widget-text-editor\" data-id=\"29cd1de2\" data-element_type=\"widget\" data-e-type=\"widget\" data-widget_type=\"text-editor.default\">\n\t\t\t\t<div class=\"elementor-widget-container\">\n\t\t\t\t\t\t\t\t\t<p>Dopo tre decenni nel mondo della moda femminile come modellista per stilisti rinomati, ha deciso di dare voce a qualcosa di pi\u00f9 personale. Tota Kai Ntinto \u00e8 nato dalla vita quotidiana con i suoi figli e i loro amici, dai sorrisi, dalle preoccupazioni e dalle piccole storie che riempivano le sue giornate. Ogni capo qui non \u00e8 solo un capo; \u00e8 una narrazione, un momento, uno stile di vita.<\/p><p>Crede che la bellezza non sia nascosta nella perfezione, ma nell&#039;imperfezione, dove tutto diventa pi\u00f9 reale, pi\u00f9 vivido, pi\u00f9 nostro.<\/p>\t\t\t\t\t\t\t\t<\/div>\n\t\t\t\t<\/div>\n\t\t\t\t\t<\/div>\n\t\t<\/div>\n\t\t\t\t<div class=\"elementor-column elementor-col-50 elementor-top-column elementor-element elementor-element-1cc157bc\" data-id=\"1cc157bc\" data-element_type=\"column\" data-e-type=\"column\">\n\t\t\t<div class=\"elementor-widget-wrap elementor-element-populated\">\n\t\t\t\t\t\t<div class=\"elementor-element elementor-element-4e5451f1 elementor-widget elementor-widget-image\" data-id=\"4e5451f1\" data-element_type=\"widget\" data-e-type=\"widget\" data-widget_type=\"image.default\">\n\t\t\t\t<div class=\"elementor-widget-container\">\n\t\t\t\t\t\t\t\t\t\t\t\t\t\t\t<img decoding=\"async\" width=\"854\" height=\"1280\" src=\"https:\/\/totakaintinto.com\/wp-content\/uploads\/2025\/10\/Spring-Collection-Tota-Ntinto--e1760221391759.jpg\" class=\"attachment-full size-full wp-image-5252\" alt=\"\" srcset=\"https:\/\/totakaintinto.com\/wp-content\/uploads\/2025\/10\/Spring-Collection-Tota-Ntinto--e1760221391759.jpg 854w, https:\/\/totakaintinto.com\/wp-content\/uploads\/2025\/10\/Spring-Collection-Tota-Ntinto--e1760221391759-200x300.jpg 200w, https:\/\/totakaintinto.com\/wp-content\/uploads\/2025\/10\/Spring-Collection-Tota-Ntinto--e1760221391759-683x1024.jpg 683w, https:\/\/totakaintinto.com\/wp-content\/uploads\/2025\/10\/Spring-Collection-Tota-Ntinto--e1760221391759-768x1151.jpg 768w, https:\/\/totakaintinto.com\/wp-content\/uploads\/2025\/10\/Spring-Collection-Tota-Ntinto--e1760221391759-8x12.jpg 8w, https:\/\/totakaintinto.com\/wp-content\/uploads\/2025\/10\/Spring-Collection-Tota-Ntinto--e1760221391759-64x96.jpg 64w\" sizes=\"(max-width: 854px) 100vw, 854px\" \/>\t\t\t\t\t\t\t\t\t\t\t\t\t\t\t<\/div>\n\t\t\t\t<\/div>\n\t\t\t\t<div class=\"elementor-element elementor-element-5f07c0f1 elementor-widget elementor-widget-heading\" data-id=\"5f07c0f1\" data-element_type=\"widget\" data-e-type=\"widget\" data-widget_type=\"heading.default\">\n\t\t\t\t<div class=\"elementor-widget-container\">\n\t\t\t\t\t<h3 class=\"elementor-heading-title elementor-size-default\">I modelli<\/h3>\t\t\t\t<\/div>\n\t\t\t\t<\/div>\n\t\t\t\t<div class=\"elementor-element elementor-element-644fa555 elementor-widget elementor-widget-text-editor\" data-id=\"644fa555\" data-element_type=\"widget\" data-e-type=\"widget\" data-widget_type=\"text-editor.default\">\n\t\t\t\t<div class=\"elementor-widget-container\">\n\t\t\t\t\t\t\t\t\t<p>I modelli di Tota Kai Ntinto sono il cuore vivo delle nostre storie.<br \/>Le nostre modelle non si limitano a indossare gli abiti: raccontano la loro storia, la nostra storia, con una naturalezza che solo l&#039;amicizia e la tenerezza possono dare.<br \/>Ed \u00e8 proprio questa verit\u00e0, questa pura magia infantile, a rendere il mondo di Tota Kai Ntinto cos\u00ec unico.<\/p>\t\t\t\t\t\t\t\t<\/div>\n\t\t\t\t<\/div>\n\t\t\t\t\t<\/div>\n\t\t<\/div>\n\t\t\t\t\t<\/div>\n\t\t<\/section>\n\t\t\t\t<section data-particle_enable=\"false\" data-particle-mobile-disabled=\"false\" class=\"elementor-section elementor-top-section elementor-element elementor-element-4a153add elementor-section-boxed elementor-section-height-default elementor-section-height-default\" data-id=\"4a153add\" data-element_type=\"section\" data-e-type=\"section\">\n\t\t\t\t\t\t<div class=\"elementor-container elementor-column-gap-no\">\n\t\t\t\t\t<div class=\"elementor-column elementor-col-100 elementor-top-column elementor-element elementor-element-58f699fe\" data-id=\"58f699fe\" data-element_type=\"column\" data-e-type=\"column\">\n\t\t\t<div class=\"elementor-widget-wrap elementor-element-populated\">\n\t\t\t\t\t\t<div class=\"elementor-element elementor-element-3ddd930b elementor-widget elementor-widget-heading\" data-id=\"3ddd930b\" data-element_type=\"widget\" data-e-type=\"widget\" data-widget_type=\"heading.default\">\n\t\t\t\t<div class=\"elementor-widget-container\">\n\t\t\t\t\t<h3 class=\"elementor-heading-title elementor-size-default\">i nostri partner<\/h3>\t\t\t\t<\/div>\n\t\t\t\t<\/div>\n\t\t\t\t\t<\/div>\n\t\t<\/div>\n\t\t\t\t\t<\/div>\n\t\t<\/section>\n\t\t\t\t<section data-particle_enable=\"false\" data-particle-mobile-disabled=\"false\" class=\"elementor-section elementor-top-section elementor-element elementor-element-3dee54c9 elementor-section-boxed elementor-section-height-default elementor-section-height-default\" data-id=\"3dee54c9\" data-element_type=\"section\" data-e-type=\"section\">\n\t\t\t\t\t\t<div class=\"elementor-container elementor-column-gap-no\">\n\t\t\t\t\t<div class=\"elementor-column elementor-col-33 elementor-top-column elementor-element elementor-element-da7c1ab\" data-id=\"da7c1ab\" data-element_type=\"column\" data-e-type=\"column\">\n\t\t\t<div class=\"elementor-widget-wrap elementor-element-populated\">\n\t\t\t\t\t\t<div class=\"elementor-element elementor-element-e605495 content-align-cta-default elementor-widget elementor-widget-eael-cta-box\" data-id=\"e605495\" data-element_type=\"widget\" data-e-type=\"widget\" data-widget_type=\"eael-cta-box.default\">\n\t\t\t\t<div class=\"elementor-widget-container\">\n\t\t\t\t\t\t\t<div class=\"eael-call-to-action cta-basic bg-lite cta-preset-1\">\n        <h4 class=\"sub-title\">Cucire il tessuto digitale<\/h4><h2 class=\"title eael-cta-heading\">Shell-iT<\/h2><p>Dietro ogni capo c&#039;\u00e8 un filo, e dietro ogni visione c&#039;\u00e8 una cornice. Shell-iT ha progettato e sviluppato il palcoscenico digitale in cui Tota &amp; Ntinto vive e si evolve. Hanno trasformato la creativit\u00e0 in codice, tessendo un mondo online fluido che riflette lo spirito audace e l&#039;identit\u00e0 premium del marchio.<\/p><a href=\"http:\/\/shell-it.com\" class=\"cta-button cta-preset-1\">Entra in Shell-iT<\/a>\t<\/div>\n\t\t\t\t\t\t\t\t<\/div>\n\t\t\t\t<\/div>\n\t\t\t\t\t<\/div>\n\t\t<\/div>\n\t\t\t\t<div class=\"elementor-column elementor-col-33 elementor-top-column elementor-element elementor-element-7a9c945e\" data-id=\"7a9c945e\" data-element_type=\"column\" data-e-type=\"column\">\n\t\t\t<div class=\"elementor-widget-wrap\">\n\t\t\t\t\t\t\t<\/div>\n\t\t<\/div>\n\t\t\t\t<div class=\"elementor-column elementor-col-33 elementor-top-column elementor-element elementor-element-5ecd5f2e\" data-id=\"5ecd5f2e\" data-element_type=\"column\" data-e-type=\"column\">\n\t\t\t<div class=\"elementor-widget-wrap\">\n\t\t\t\t\t\t\t<\/div>\n\t\t<\/div>\n\t\t\t\t\t<\/div>\n\t\t<\/section>\n\t\t\t\t<\/div>","protected":false},"excerpt":{"rendered":"<p>Welcome to the world of Tota Kai Ntinto Here, childhood stories become fabrics, colors, and shapes \u2014 every dress and every hat is a little story waiting to be worn. Each of our collections feels like a fairytale journey \u2014 a labyrinth of childhood memories, images, and emotions finding their way onto fabric. All our [&hellip;]<\/p>\n","protected":false},"author":2,"featured_media":0,"parent":0,"menu_order":0,"comment_status":"closed","ping_status":"closed","template":"","meta":{"footnotes":""},"class_list":["post-3841","page","type-page","status-publish","hentry"],"aioseo_notices":[],"jetpack_sharing_enabled":true,"_links":{"self":[{"href":"https:\/\/totakaintinto.com\/it\/wp-json\/wp\/v2\/pages\/3841","targetHints":{"allow":["GET"]}}],"collection":[{"href":"https:\/\/totakaintinto.com\/it\/wp-json\/wp\/v2\/pages"}],"about":[{"href":"https:\/\/totakaintinto.com\/it\/wp-json\/wp\/v2\/types\/page"}],"author":[{"embeddable":true,"href":"https:\/\/totakaintinto.com\/it\/wp-json\/wp\/v2\/users\/2"}],"replies":[{"embeddable":true,"href":"https:\/\/totakaintinto.com\/it\/wp-json\/wp\/v2\/comments?post=3841"}],"version-history":[{"count":18,"href":"https:\/\/totakaintinto.com\/it\/wp-json\/wp\/v2\/pages\/3841\/revisions"}],"predecessor-version":[{"id":5428,"href":"https:\/\/totakaintinto.com\/it\/wp-json\/wp\/v2\/pages\/3841\/revisions\/5428"}],"wp:attachment":[{"href":"https:\/\/totakaintinto.com\/it\/wp-json\/wp\/v2\/media?parent=3841"}],"curies":[{"name":"wp","href":"https:\/\/api.w.org\/{rel}","templated":true}]}}