{"id":4865,"date":"2023-12-26T22:18:53","date_gmt":"2023-12-26T22:18:53","guid":{"rendered":"https:\/\/totakaintinto.com\/?post_type=product&#038;p=4865"},"modified":"2025-10-31T23:31:44","modified_gmt":"2025-10-31T21:31:44","slug":"mini-skirt-with-ruffles","status":"publish","type":"product","link":"https:\/\/totakaintinto.com\/fr\/shop\/skirts\/mini-skirt-with-ruffles\/","title":{"rendered":"Mini-jupe \u00e0 volants"},"content":{"rendered":"<p>Mini-jupe \u00e0 ourlet volant\u00e9 et taille \u00e9lastiqu\u00e9e souple.<\/p>","protected":false},"excerpt":{"rendered":"<p>Mini-jupe \u00e0 ourlet volant\u00e9 et taille \u00e9lastiqu\u00e9e souple.<\/p>","protected":false},"featured_media":4867,"comment_status":"open","ping_status":"closed","template":"","meta":[],"wpc-collection":[156],"product_cat":[135],"product_tag":[],"giftcard-category":[],"class_list":{"0":"post-4865","1":"product","2":"type-product","3":"status-publish","4":"has-post-thumbnail","6":"wpc-collection-christmas","7":"product_cat-skirts","9":"first","10":"instock","11":"shipping-taxable","12":"purchasable","13":"product-type-variable"},"aioseo_notices":[],"jetpack_sharing_enabled":true,"_links":{"self":[{"href":"https:\/\/totakaintinto.com\/fr\/wp-json\/wp\/v2\/product\/4865","targetHints":{"allow":["GET"]}}],"collection":[{"href":"https:\/\/totakaintinto.com\/fr\/wp-json\/wp\/v2\/product"}],"about":[{"href":"https:\/\/totakaintinto.com\/fr\/wp-json\/wp\/v2\/types\/product"}],"replies":[{"embeddable":true,"href":"https:\/\/totakaintinto.com\/fr\/wp-json\/wp\/v2\/comments?post=4865"}],"wp:featuredmedia":[{"embeddable":true,"href":"https:\/\/totakaintinto.com\/fr\/wp-json\/wp\/v2\/media\/4867"}],"wp:attachment":[{"href":"https:\/\/totakaintinto.com\/fr\/wp-json\/wp\/v2\/media?parent=4865"}],"wp:term":[{"taxonomy":"wpc-collection","embeddable":true,"href":"https:\/\/totakaintinto.com\/fr\/wp-json\/wp\/v2\/wpc-collection?post=4865"},{"taxonomy":"product_cat","embeddable":true,"href":"https:\/\/totakaintinto.com\/fr\/wp-json\/wp\/v2\/product_cat?post=4865"},{"taxonomy":"product_tag","embeddable":true,"href":"https:\/\/totakaintinto.com\/fr\/wp-json\/wp\/v2\/product_tag?post=4865"},{"taxonomy":"giftcard-category","embeddable":true,"href":"https:\/\/totakaintinto.com\/fr\/wp-json\/wp\/v2\/giftcard-category?post=4865"}],"curies":[{"name":"wp","href":"https:\/\/api.w.org\/{rel}","templated":true}]}}