{"id":4696,"date":"2023-12-26T15:57:08","date_gmt":"2023-12-26T15:57:08","guid":{"rendered":"https:\/\/totakaintinto.com\/?post_type=product&#038;p=4696"},"modified":"2025-10-31T23:52:44","modified_gmt":"2025-10-31T21:52:44","slug":"knitted-poncho","status":"publish","type":"product","link":"https:\/\/totakaintinto.com\/fr\/shop\/accessories\/knitted-poncho\/","title":{"rendered":"Poncho tricot\u00e9"},"content":{"rendered":"<p>Poncho tricot\u00e9 \u00e0 ourlet frang\u00e9, confectionn\u00e9 en fil doux et brillant.<\/p>","protected":false},"excerpt":{"rendered":"<p>Poncho tricot\u00e9 \u00e0 ourlet frang\u00e9, confectionn\u00e9 en fil doux et brillant.<\/p>","protected":false},"featured_media":4703,"comment_status":"open","ping_status":"closed","template":"","meta":[],"wpc-collection":[156],"product_cat":[134],"product_tag":[],"giftcard-category":[],"class_list":{"0":"post-4696","1":"product","2":"type-product","3":"status-publish","4":"has-post-thumbnail","6":"wpc-collection-christmas","7":"product_cat-accessories","9":"first","10":"instock","11":"featured","12":"shipping-taxable","13":"purchasable","14":"product-type-variable"},"aioseo_notices":[],"jetpack_sharing_enabled":true,"_links":{"self":[{"href":"https:\/\/totakaintinto.com\/fr\/wp-json\/wp\/v2\/product\/4696","targetHints":{"allow":["GET"]}}],"collection":[{"href":"https:\/\/totakaintinto.com\/fr\/wp-json\/wp\/v2\/product"}],"about":[{"href":"https:\/\/totakaintinto.com\/fr\/wp-json\/wp\/v2\/types\/product"}],"replies":[{"embeddable":true,"href":"https:\/\/totakaintinto.com\/fr\/wp-json\/wp\/v2\/comments?post=4696"}],"wp:featuredmedia":[{"embeddable":true,"href":"https:\/\/totakaintinto.com\/fr\/wp-json\/wp\/v2\/media\/4703"}],"wp:attachment":[{"href":"https:\/\/totakaintinto.com\/fr\/wp-json\/wp\/v2\/media?parent=4696"}],"wp:term":[{"taxonomy":"wpc-collection","embeddable":true,"href":"https:\/\/totakaintinto.com\/fr\/wp-json\/wp\/v2\/wpc-collection?post=4696"},{"taxonomy":"product_cat","embeddable":true,"href":"https:\/\/totakaintinto.com\/fr\/wp-json\/wp\/v2\/product_cat?post=4696"},{"taxonomy":"product_tag","embeddable":true,"href":"https:\/\/totakaintinto.com\/fr\/wp-json\/wp\/v2\/product_tag?post=4696"},{"taxonomy":"giftcard-category","embeddable":true,"href":"https:\/\/totakaintinto.com\/fr\/wp-json\/wp\/v2\/giftcard-category?post=4696"}],"curies":[{"name":"wp","href":"https:\/\/api.w.org\/{rel}","templated":true}]}}