{"id":4686,"date":"2023-12-26T15:29:46","date_gmt":"2023-12-26T15:29:46","guid":{"rendered":"https:\/\/totakaintinto.com\/?post_type=product&#038;p=4686"},"modified":"2025-10-31T23:56:40","modified_gmt":"2025-10-31T21:56:40","slug":"mini-sleeveless-dress","status":"publish","type":"product","link":"https:\/\/totakaintinto.com\/fr\/shop\/dresses\/mini-sleeveless-dress\/","title":{"rendered":"Mini robe sans manches"},"content":{"rendered":"<p>Robe courte sans manches \u00e0 ourlet volant\u00e9, confectionn\u00e9e dans un tissu matelass\u00e9 tr\u00e8s doux.<br \/>\nLe col roul\u00e9 se ferme par un bouton pour un ajustement confortable.<\/p>","protected":false},"excerpt":{"rendered":"<p>Robe courte sans manches \u00e0 ourlet volant\u00e9, confectionn\u00e9e dans un tissu matelass\u00e9 tr\u00e8s doux. Le col roul\u00e9 se ferme par un bouton pour un confort optimal.<\/p>","protected":false},"featured_media":4694,"comment_status":"open","ping_status":"closed","template":"","meta":[],"wpc-collection":[156],"product_cat":[102],"product_tag":[],"giftcard-category":[],"class_list":{"0":"post-4686","1":"product","2":"type-product","3":"status-publish","4":"has-post-thumbnail","6":"wpc-collection-christmas","7":"product_cat-dresses","9":"first","10":"instock","11":"shipping-taxable","12":"purchasable","13":"product-type-variable"},"aioseo_notices":[],"jetpack_sharing_enabled":true,"_links":{"self":[{"href":"https:\/\/totakaintinto.com\/fr\/wp-json\/wp\/v2\/product\/4686","targetHints":{"allow":["GET"]}}],"collection":[{"href":"https:\/\/totakaintinto.com\/fr\/wp-json\/wp\/v2\/product"}],"about":[{"href":"https:\/\/totakaintinto.com\/fr\/wp-json\/wp\/v2\/types\/product"}],"replies":[{"embeddable":true,"href":"https:\/\/totakaintinto.com\/fr\/wp-json\/wp\/v2\/comments?post=4686"}],"wp:featuredmedia":[{"embeddable":true,"href":"https:\/\/totakaintinto.com\/fr\/wp-json\/wp\/v2\/media\/4694"}],"wp:attachment":[{"href":"https:\/\/totakaintinto.com\/fr\/wp-json\/wp\/v2\/media?parent=4686"}],"wp:term":[{"taxonomy":"wpc-collection","embeddable":true,"href":"https:\/\/totakaintinto.com\/fr\/wp-json\/wp\/v2\/wpc-collection?post=4686"},{"taxonomy":"product_cat","embeddable":true,"href":"https:\/\/totakaintinto.com\/fr\/wp-json\/wp\/v2\/product_cat?post=4686"},{"taxonomy":"product_tag","embeddable":true,"href":"https:\/\/totakaintinto.com\/fr\/wp-json\/wp\/v2\/product_tag?post=4686"},{"taxonomy":"giftcard-category","embeddable":true,"href":"https:\/\/totakaintinto.com\/fr\/wp-json\/wp\/v2\/giftcard-category?post=4686"}],"curies":[{"name":"wp","href":"https:\/\/api.w.org\/{rel}","templated":true}]}}