{"id":4675,"date":"2023-12-26T15:06:44","date_gmt":"2023-12-26T15:06:44","guid":{"rendered":"https:\/\/totakaintinto.com\/?post_type=product&#038;p=4675"},"modified":"2025-11-01T00:10:31","modified_gmt":"2025-10-31T22:10:31","slug":"maxi-coat","status":"publish","type":"product","link":"https:\/\/totakaintinto.com\/fr\/shop\/coats\/maxi-coat\/","title":{"rendered":"Manteau maxi"},"content":{"rendered":"<p>Manteau long \u00e0 ourlet volant\u00e9 et fermeture \u00e0 nouer au cou, confectionn\u00e9 dans un tissu tr\u00e8s doux et \u00e0 la coupe confortable.<\/p>","protected":false},"excerpt":{"rendered":"<p>Manteau long \u00e0 ourlet volant\u00e9 et fermeture \u00e0 nouer au cou, confectionn\u00e9 dans un tissu tr\u00e8s doux et \u00e0 la coupe confortable.<\/p>","protected":false},"featured_media":4681,"comment_status":"open","ping_status":"closed","template":"","meta":[],"wpc-collection":[156],"product_cat":[136],"product_tag":[],"giftcard-category":[],"class_list":{"0":"post-4675","1":"product","2":"type-product","3":"status-publish","4":"has-post-thumbnail","6":"wpc-collection-christmas","7":"product_cat-coats","9":"first","10":"instock","11":"shipping-taxable","12":"purchasable","13":"product-type-variable"},"aioseo_notices":[],"jetpack_sharing_enabled":true,"_links":{"self":[{"href":"https:\/\/totakaintinto.com\/fr\/wp-json\/wp\/v2\/product\/4675","targetHints":{"allow":["GET"]}}],"collection":[{"href":"https:\/\/totakaintinto.com\/fr\/wp-json\/wp\/v2\/product"}],"about":[{"href":"https:\/\/totakaintinto.com\/fr\/wp-json\/wp\/v2\/types\/product"}],"replies":[{"embeddable":true,"href":"https:\/\/totakaintinto.com\/fr\/wp-json\/wp\/v2\/comments?post=4675"}],"wp:featuredmedia":[{"embeddable":true,"href":"https:\/\/totakaintinto.com\/fr\/wp-json\/wp\/v2\/media\/4681"}],"wp:attachment":[{"href":"https:\/\/totakaintinto.com\/fr\/wp-json\/wp\/v2\/media?parent=4675"}],"wp:term":[{"taxonomy":"wpc-collection","embeddable":true,"href":"https:\/\/totakaintinto.com\/fr\/wp-json\/wp\/v2\/wpc-collection?post=4675"},{"taxonomy":"product_cat","embeddable":true,"href":"https:\/\/totakaintinto.com\/fr\/wp-json\/wp\/v2\/product_cat?post=4675"},{"taxonomy":"product_tag","embeddable":true,"href":"https:\/\/totakaintinto.com\/fr\/wp-json\/wp\/v2\/product_tag?post=4675"},{"taxonomy":"giftcard-category","embeddable":true,"href":"https:\/\/totakaintinto.com\/fr\/wp-json\/wp\/v2\/giftcard-category?post=4675"}],"curies":[{"name":"wp","href":"https:\/\/api.w.org\/{rel}","templated":true}]}}