{"id":4502,"date":"2023-12-20T22:42:43","date_gmt":"2023-12-20T22:42:43","guid":{"rendered":"https:\/\/totakaintinto.com\/?post_type=product&#038;p=4502"},"modified":"2025-11-01T00:21:51","modified_gmt":"2025-10-31T22:21:51","slug":"sack-dress","status":"publish","type":"product","link":"https:\/\/totakaintinto.com\/fr\/shop\/dresses\/sack-dress\/","title":{"rendered":"Robe sac"},"content":{"rendered":"<p>Robe en toile de coton.<br \/>\nRobe ample confectionn\u00e9e dans un tissu de coton \u00e9pais \u00e0 la texture semblable \u00e0 celle de la flanelle.<\/p>","protected":false},"excerpt":{"rendered":"<p>Robe ample en coton. Robe ample confectionn\u00e9e dans un tissu de coton \u00e9pais \u00e0 la texture proche de la flanelle.<\/p>","protected":false},"featured_media":4608,"comment_status":"open","ping_status":"closed","template":"","meta":[],"wpc-collection":[114],"product_cat":[102],"product_tag":[],"giftcard-category":[],"class_list":{"0":"post-4502","1":"product","2":"type-product","3":"status-publish","4":"has-post-thumbnail","6":"wpc-collection-snow","7":"product_cat-dresses","9":"first","10":"instock","11":"shipping-taxable","12":"purchasable","13":"product-type-variable"},"aioseo_notices":[],"jetpack_sharing_enabled":true,"_links":{"self":[{"href":"https:\/\/totakaintinto.com\/fr\/wp-json\/wp\/v2\/product\/4502","targetHints":{"allow":["GET"]}}],"collection":[{"href":"https:\/\/totakaintinto.com\/fr\/wp-json\/wp\/v2\/product"}],"about":[{"href":"https:\/\/totakaintinto.com\/fr\/wp-json\/wp\/v2\/types\/product"}],"replies":[{"embeddable":true,"href":"https:\/\/totakaintinto.com\/fr\/wp-json\/wp\/v2\/comments?post=4502"}],"wp:featuredmedia":[{"embeddable":true,"href":"https:\/\/totakaintinto.com\/fr\/wp-json\/wp\/v2\/media\/4608"}],"wp:attachment":[{"href":"https:\/\/totakaintinto.com\/fr\/wp-json\/wp\/v2\/media?parent=4502"}],"wp:term":[{"taxonomy":"wpc-collection","embeddable":true,"href":"https:\/\/totakaintinto.com\/fr\/wp-json\/wp\/v2\/wpc-collection?post=4502"},{"taxonomy":"product_cat","embeddable":true,"href":"https:\/\/totakaintinto.com\/fr\/wp-json\/wp\/v2\/product_cat?post=4502"},{"taxonomy":"product_tag","embeddable":true,"href":"https:\/\/totakaintinto.com\/fr\/wp-json\/wp\/v2\/product_tag?post=4502"},{"taxonomy":"giftcard-category","embeddable":true,"href":"https:\/\/totakaintinto.com\/fr\/wp-json\/wp\/v2\/giftcard-category?post=4502"}],"curies":[{"name":"wp","href":"https:\/\/api.w.org\/{rel}","templated":true}]}}