{"id":4500,"date":"2023-12-20T22:41:41","date_gmt":"2023-12-20T22:41:41","guid":{"rendered":"https:\/\/totakaintinto.com\/?post_type=product&#038;p=4500"},"modified":"2025-11-01T00:31:22","modified_gmt":"2025-10-31T22:31:22","slug":"blouse-with-ruffles","status":"publish","type":"product","link":"https:\/\/totakaintinto.com\/fr\/shop\/blouses\/blouse-with-ruffles\/","title":{"rendered":"Chemisier \u00e0 volants"},"content":{"rendered":"<p>Blouse en velours de coton. Coupe ample sans coutures aux manches, orn\u00e9e d&#039;un large volant \u00e0 l&#039;ourlet.<br \/>\nLongueur \u00e0 la taille.<\/p>","protected":false},"excerpt":{"rendered":"<p>Blouse en velours de coton. Coupe ample sans coutures aux manches, orn\u00e9e d&#039;un large volant \u00e0 l&#039;ourlet. Longueur \u00e0 la taille.<\/p>","protected":false},"featured_media":4341,"comment_status":"open","ping_status":"closed","template":"","meta":[],"wpc-collection":[114],"product_cat":[125],"product_tag":[],"giftcard-category":[],"class_list":{"0":"post-4500","1":"product","2":"type-product","3":"status-publish","4":"has-post-thumbnail","6":"wpc-collection-snow","7":"product_cat-blouses","9":"first","10":"instock","11":"shipping-taxable","12":"purchasable","13":"product-type-variable"},"aioseo_notices":[],"jetpack_sharing_enabled":true,"_links":{"self":[{"href":"https:\/\/totakaintinto.com\/fr\/wp-json\/wp\/v2\/product\/4500","targetHints":{"allow":["GET"]}}],"collection":[{"href":"https:\/\/totakaintinto.com\/fr\/wp-json\/wp\/v2\/product"}],"about":[{"href":"https:\/\/totakaintinto.com\/fr\/wp-json\/wp\/v2\/types\/product"}],"replies":[{"embeddable":true,"href":"https:\/\/totakaintinto.com\/fr\/wp-json\/wp\/v2\/comments?post=4500"}],"wp:featuredmedia":[{"embeddable":true,"href":"https:\/\/totakaintinto.com\/fr\/wp-json\/wp\/v2\/media\/4341"}],"wp:attachment":[{"href":"https:\/\/totakaintinto.com\/fr\/wp-json\/wp\/v2\/media?parent=4500"}],"wp:term":[{"taxonomy":"wpc-collection","embeddable":true,"href":"https:\/\/totakaintinto.com\/fr\/wp-json\/wp\/v2\/wpc-collection?post=4500"},{"taxonomy":"product_cat","embeddable":true,"href":"https:\/\/totakaintinto.com\/fr\/wp-json\/wp\/v2\/product_cat?post=4500"},{"taxonomy":"product_tag","embeddable":true,"href":"https:\/\/totakaintinto.com\/fr\/wp-json\/wp\/v2\/product_tag?post=4500"},{"taxonomy":"giftcard-category","embeddable":true,"href":"https:\/\/totakaintinto.com\/fr\/wp-json\/wp\/v2\/giftcard-category?post=4500"}],"curies":[{"name":"wp","href":"https:\/\/api.w.org\/{rel}","templated":true}]}}