{"id":4495,"date":"2023-12-20T22:38:44","date_gmt":"2023-12-20T22:38:44","guid":{"rendered":"https:\/\/totakaintinto.com\/?post_type=product&#038;p=4495"},"modified":"2025-11-01T00:50:10","modified_gmt":"2025-10-31T22:50:10","slug":"white-maxi-coat","status":"publish","type":"product","link":"https:\/\/totakaintinto.com\/fr\/shop\/coats\/white-maxi-coat\/","title":{"rendered":"Manteau maxi"},"content":{"rendered":"<p>Manteau maxi double face \u2014 un c\u00f4t\u00e9 ressemble \u00e0 du cuir su\u00e9d\u00e9, tandis que l&#039;autre est en laine douce, semblable \u00e0 de la laine de mouton.<\/p>","protected":false},"excerpt":{"rendered":"<p>Manteau maxi double face \u2014 un c\u00f4t\u00e9 ressemble \u00e0 du cuir su\u00e9d\u00e9, tandis que l&#039;autre est en laine douce, semblable \u00e0 de la laine de mouton.<\/p>","protected":false},"featured_media":4582,"comment_status":"open","ping_status":"closed","template":"","meta":[],"wpc-collection":[114],"product_cat":[136],"product_tag":[],"giftcard-category":[],"class_list":{"0":"post-4495","1":"product","2":"type-product","3":"status-publish","4":"has-post-thumbnail","6":"wpc-collection-snow","7":"product_cat-coats","9":"first","10":"instock","11":"shipping-taxable","12":"purchasable","13":"product-type-variable"},"aioseo_notices":[],"jetpack_sharing_enabled":true,"_links":{"self":[{"href":"https:\/\/totakaintinto.com\/fr\/wp-json\/wp\/v2\/product\/4495","targetHints":{"allow":["GET"]}}],"collection":[{"href":"https:\/\/totakaintinto.com\/fr\/wp-json\/wp\/v2\/product"}],"about":[{"href":"https:\/\/totakaintinto.com\/fr\/wp-json\/wp\/v2\/types\/product"}],"replies":[{"embeddable":true,"href":"https:\/\/totakaintinto.com\/fr\/wp-json\/wp\/v2\/comments?post=4495"}],"wp:featuredmedia":[{"embeddable":true,"href":"https:\/\/totakaintinto.com\/fr\/wp-json\/wp\/v2\/media\/4582"}],"wp:attachment":[{"href":"https:\/\/totakaintinto.com\/fr\/wp-json\/wp\/v2\/media?parent=4495"}],"wp:term":[{"taxonomy":"wpc-collection","embeddable":true,"href":"https:\/\/totakaintinto.com\/fr\/wp-json\/wp\/v2\/wpc-collection?post=4495"},{"taxonomy":"product_cat","embeddable":true,"href":"https:\/\/totakaintinto.com\/fr\/wp-json\/wp\/v2\/product_cat?post=4495"},{"taxonomy":"product_tag","embeddable":true,"href":"https:\/\/totakaintinto.com\/fr\/wp-json\/wp\/v2\/product_tag?post=4495"},{"taxonomy":"giftcard-category","embeddable":true,"href":"https:\/\/totakaintinto.com\/fr\/wp-json\/wp\/v2\/giftcard-category?post=4495"}],"curies":[{"name":"wp","href":"https:\/\/api.w.org\/{rel}","templated":true}]}}