{"id":4493,"date":"2023-12-20T22:38:13","date_gmt":"2023-12-20T22:38:13","guid":{"rendered":"https:\/\/totakaintinto.com\/?post_type=product&#038;p=4493"},"modified":"2025-11-01T00:54:00","modified_gmt":"2025-10-31T22:54:00","slug":"sleeveless-dress","status":"publish","type":"product","link":"https:\/\/totakaintinto.com\/fr\/shop\/dresses\/sleeveless-dress\/","title":{"rendered":"Robe sans manches"},"content":{"rendered":"<p>Robe blanche sans manches.<br \/>\nConfectionn\u00e9e dans un tissu \u00e0 la texture mousseuse, avec des coutures circulaires verticales sous la taille, lui conf\u00e9rant une forme unique et un beau mouvement. Longueur mi-mollet.<\/p>","protected":false},"excerpt":{"rendered":"<p>Robe blanche sans manches. Confectionn\u00e9e dans un tissu \u00e0 la texture mousseuse, elle pr\u00e9sente des coutures circulaires verticales sous la taille, lui conf\u00e9rant une forme unique et un beau mouvement. Longueur mi-mollet.<\/p>","protected":false},"featured_media":4605,"comment_status":"open","ping_status":"closed","template":"","meta":[],"wpc-collection":[114],"product_cat":[102],"product_tag":[],"giftcard-category":[],"class_list":{"0":"post-4493","1":"product","2":"type-product","3":"status-publish","4":"has-post-thumbnail","6":"wpc-collection-snow","7":"product_cat-dresses","9":"first","10":"instock","11":"shipping-taxable","12":"purchasable","13":"product-type-variable"},"aioseo_notices":[],"jetpack_sharing_enabled":true,"_links":{"self":[{"href":"https:\/\/totakaintinto.com\/fr\/wp-json\/wp\/v2\/product\/4493","targetHints":{"allow":["GET"]}}],"collection":[{"href":"https:\/\/totakaintinto.com\/fr\/wp-json\/wp\/v2\/product"}],"about":[{"href":"https:\/\/totakaintinto.com\/fr\/wp-json\/wp\/v2\/types\/product"}],"replies":[{"embeddable":true,"href":"https:\/\/totakaintinto.com\/fr\/wp-json\/wp\/v2\/comments?post=4493"}],"wp:featuredmedia":[{"embeddable":true,"href":"https:\/\/totakaintinto.com\/fr\/wp-json\/wp\/v2\/media\/4605"}],"wp:attachment":[{"href":"https:\/\/totakaintinto.com\/fr\/wp-json\/wp\/v2\/media?parent=4493"}],"wp:term":[{"taxonomy":"wpc-collection","embeddable":true,"href":"https:\/\/totakaintinto.com\/fr\/wp-json\/wp\/v2\/wpc-collection?post=4493"},{"taxonomy":"product_cat","embeddable":true,"href":"https:\/\/totakaintinto.com\/fr\/wp-json\/wp\/v2\/product_cat?post=4493"},{"taxonomy":"product_tag","embeddable":true,"href":"https:\/\/totakaintinto.com\/fr\/wp-json\/wp\/v2\/product_tag?post=4493"},{"taxonomy":"giftcard-category","embeddable":true,"href":"https:\/\/totakaintinto.com\/fr\/wp-json\/wp\/v2\/giftcard-category?post=4493"}],"curies":[{"name":"wp","href":"https:\/\/api.w.org\/{rel}","templated":true}]}}